{"id":11248,"date":"2025-05-01T14:16:38","date_gmt":"2025-05-01T14:16:38","guid":{"rendered":"https:\/\/test.cochlearspare.com\/?post_type=product&#038;p=11248"},"modified":"2025-10-24T14:19:49","modified_gmt":"2025-10-24T14:19:49","slug":"ab-harmony-charger","status":"publish","type":"product","link":"https:\/\/cochlearspare.com\/es\/shop\/ab-harmony-charger\/","title":{"rendered":"AB Harmony Cargador"},"content":{"rendered":"<div class=\"product-desc-freedom\">\n<h1>Advanced Bionics AB Armon\u00eda Cargador Eficiente de Doble Cargador de Bater\u00eda para AB Armon\u00eda Procesadores<\/h1>\n<table role=\"presentation\">\n<tbody>\n<tr>\n<th>Descripci\u00f3n<\/th>\n<td>El <strong>Advanced Bionics AB Armon\u00eda Cargador<\/strong> es un sistema fiable de doble cargador de bater\u00eda dise\u00f1ada espec\u00edficamente para <strong>AB Armon\u00eda bater\u00edas recargables<\/strong>. Permite a los usuarios convenientemente cargar dos bater\u00edas a la vez, de la continuidad en el uso de su implante coclear dispositivos con m\u00ednimo tiempo de inactividad.<\/td>\n<\/tr>\n<tr>\n<th>Caracter\u00edsticas Clave<\/th>\n<td>\n<ul>\n<li>La bater\u00eda de doble capacidad de carga para la comodidad y la eficiencia<\/li>\n<li>Dise\u00f1o compacto y port\u00e1til adecuado para viajes y uso en el hogar<\/li>\n<li>Indicadores LED para mostrar el estado de carga de cada bater\u00eda<\/li>\n<li>Funciones de seguridad integradas para proteger contra la sobrecarga y sobrecalentamiento<\/li>\n<li>Compatible exclusivamente con Advanced Bionics AB Armon\u00eda bater\u00edas recargables<\/li>\n<li>F\u00e1cil instalaci\u00f3n de la bater\u00eda y la eliminaci\u00f3n de<\/li>\n<li>De eficiencia de energ\u00eda para minimizar el consumo de energ\u00eda<\/li>\n<\/ul>\n<\/td>\n<\/tr>\n<tr>\n<th>Uso Y Cuidado De La<\/th>\n<td>\n<ul>\n<li>Cargar la bater\u00eda completamente antes del primer uso<\/li>\n<li>Almac\u00e9n cargador en un lugar fresco y seco cuando no est\u00e9 en uso<\/li>\n<li>Evite exponer el cargador a la humedad o temperaturas extremas<\/li>\n<li>Desenchufe el cargador cuando las bater\u00edas est\u00e1n completamente cargadas o no en uso<\/li>\n<li>Utilice s\u00f3lo compatible AB Armon\u00eda bater\u00edas recargables<\/li>\n<\/ul>\n<\/td>\n<\/tr>\n<tr>\n<th>\u00bfPor Qu\u00e9 Elegir Este Cargador?<\/th>\n<td>\n<ul>\n<li>Probado y aprobado para Advanced Bionics AB Armon\u00eda bater\u00edas<\/li>\n<li>Construcci\u00f3n resistente para un rendimiento duradero<\/li>\n<li>R\u00e1pido y fiable de carga con un claro indicador de estado LED<\/li>\n<li>Dise\u00f1o compacto para la portabilidad<\/li>\n<li>Dedicado de soporte al cliente para obtener ayuda<\/li>\n<\/ul>\n<\/td>\n<\/tr>\n<\/tbody>\n<\/table>\n<p>Explorar m\u00e1s de implante coclear de accesorios y piezas de repuesto en nuestro <a title=\"Implante coclear categor\u00eda accesorios\" href=\"\/es\/categoria-producto\/accesorios\/\">Categor\u00eda Accesorios<\/a>.<br \/>\nVisita el <a title=\"Oficial de Advanced Bionics sitio web\" href=\"https:\/\/advancedbionics.com\/\" target=\"_blank\" rel=\"noopener noreferrer nofollow\">oficial de Advanced Bionics sitio web<\/a> para obtener m\u00e1s detalles.<\/p>\n<\/div>","protected":false},"excerpt":{"rendered":"<div class=\"product-brief-highlight\">Charge two AB Harmony batteries anytime, anywhere. Get yours now for nonstop hearing!<\/div>","protected":false},"featured_media":6352,"comment_status":"open","ping_status":"closed","template":"","meta":{"_acf_changed":false,"om_disable_all_campaigns":false,"_monsterinsights_skip_tracking":false,"_monsterinsights_sitenote_active":false,"_monsterinsights_sitenote_note":"","_monsterinsights_sitenote_category":0},"product_brand":[177],"product_cat":[364,371],"product_tag":[256],"class_list":{"0":"post-11248","1":"product","2":"type-product","3":"status-publish","4":"has-post-thumbnail","6":"product_brand-advanced-bionics","7":"product_cat-advanced-bionics","8":"product_cat-harmony","9":"product_tag-charger","11":"first","12":"instock","13":"shipping-taxable","14":"purchasable","15":"product-type-simple"},"acf":[],"aioseo_notices":[],"jetpack_sharing_enabled":true,"_links":{"self":[{"href":"https:\/\/cochlearspare.com\/es\/wp-json\/wp\/v2\/product\/11248","targetHints":{"allow":["GET"]}}],"collection":[{"href":"https:\/\/cochlearspare.com\/es\/wp-json\/wp\/v2\/product"}],"about":[{"href":"https:\/\/cochlearspare.com\/es\/wp-json\/wp\/v2\/types\/product"}],"replies":[{"embeddable":true,"href":"https:\/\/cochlearspare.com\/es\/wp-json\/wp\/v2\/comments?post=11248"}],"wp:featuredmedia":[{"embeddable":true,"href":"https:\/\/cochlearspare.com\/es\/wp-json\/wp\/v2\/media\/6352"}],"wp:attachment":[{"href":"https:\/\/cochlearspare.com\/es\/wp-json\/wp\/v2\/media?parent=11248"}],"wp:term":[{"taxonomy":"product_brand","embeddable":true,"href":"https:\/\/cochlearspare.com\/es\/wp-json\/wp\/v2\/product_brand?post=11248"},{"taxonomy":"product_cat","embeddable":true,"href":"https:\/\/cochlearspare.com\/es\/wp-json\/wp\/v2\/product_cat?post=11248"},{"taxonomy":"product_tag","embeddable":true,"href":"https:\/\/cochlearspare.com\/es\/wp-json\/wp\/v2\/product_tag?post=11248"}],"curies":[{"name":"wp","href":"https:\/\/api.w.org\/{rel}","templated":true}]}}